{"id":91,"date":"2021-02-06T06:55:34","date_gmt":"2021-02-06T06:55:34","guid":{"rendered":"https:\/\/ingasfp.fi\/wordpress\/?page_id=91"},"modified":"2021-12-31T14:41:35","modified_gmt":"2021-12-31T14:41:35","slug":"suomeksi","status":"publish","type":"page","link":"https:\/\/ingasfp.fi\/?page_id=91","title":{"rendered":"Suomeksi"},"content":{"rendered":"\n<h2>RKP Inkoossa<\/h2>\n\n\n\n<p><strong>Suomen Ruotsalaisen Kansanpuolueen Inkoon paikallisosasto perustettiin v. 1906. Sill\u00e4 on noin 240 j\u00e4sent\u00e4 ja se on n\u00e4in ollen RKP:n suurimpia paikallisosastoja l\u00e4ntisell\u00e4 Uudellamaalla. Inkoossa toimii my\u00f6s RKP:n naisj\u00e4rjest\u00f6n (Svenska Kvinnof\u00f6rbundet) paikallisosasto sek\u00e4 RKP:n nuorisoj\u00e4rjest\u00f6n (Svensk ungdom eli SU) paikallisosasto.<\/strong><\/p>\n\n\n\n<p>Inkoon RKP:ll\u00e4 on hallussaan 17 paikkaa 27-paikkaisessa kunnanvaltuustossa. RKP:ll\u00e4 on 6 paikkaa kunnanhallituksessa (jossa yhteens\u00e4 9 paikkaa) ja lis\u00e4ksi paikkoja kaikissa kunnan lautakunnissa. RKP:ll\u00e4 on t\u00e4ll\u00e4 hetkell\u00e4 hallussaan kunnanvaltuuston puheenjohtajan ja kunnanhallituksen puheenjohtajan paikat.<\/p>\n\n\n\n<p>RKP p\u00e4\u00e4sivu <a href=\"https:\/\/sfp.fi\/fi\/etusivu\/\">https:\/\/sfp.fi\/fi\/etusivu\/<\/a><\/p>\n\n\n\n<p><\/p>\n\n\n\n<p><strong>Ajankohtaista<\/strong><\/p>\n\n\n\n<p>T\u00e4ll\u00e4 valtuustokaudella 2021\u20132025 RKP johtaa sek\u00e4 kunnanvaltuustoa ett\u00e4 -hallitusta. RKP-poliitikot pyrkiv\u00e4t m\u00e4\u00e4r\u00e4tietoisesti ja energisesti varmistamaan, ett\u00e4 inkoolaisten arki olisi turvallista samalla kun paikallisia palveluja yll\u00e4pidet\u00e4\u00e4n ja julkista liikennett\u00e4 kehitet\u00e4\u00e4n. RKP:n poliitikot ty\u00f6skentelev\u00e4t kaikille inkoolaisille ottaen mukaan kehitt\u00e4miseen my\u00f6s muiden puolueiden poliitikot.<br><\/p>\n\n\n\n<p>Vuoden 2022 aikana tulee SOTE-muutos olemaan suurin muutos meid\u00e4n kunnassamme. Maaliskuussa L\u00e4nsi-Uudenmaan hyvinvointialueen valtuusto aloittaa ty\u00f6t\u00e4ns\u00e4 ja loppuvuodessa siirret\u00e4\u00e4n sek\u00e4 SOTE henkil\u00f6kunta kuin kiinteist\u00f6t uudelle hyvinvointialueelle. Palvelut s\u00e4ilyv\u00e4t Inkoossa, mutta j\u00e4rjest\u00e4j\u00e4 on jatkossa L\u00e4nsi-Uudenmaan hyvinvointialue.<\/p>\n\n\n\n<p>T\u00e4m\u00e4 vuoden talousarvio sis\u00e4lt\u00e4\u00e4 50 investointihankkeita. Suurin n\u00e4ist\u00e4 on Kyrkfj\u00e4rdenin uusi koulurakennus joka suunnitelmien mukaan on valmis kev\u00e4\u00e4ll\u00e4 2023.\u00a0<\/p>\n\n\n\n<figure class=\"wp-block-image size-large\"><img loading=\"lazy\" width=\"482\" height=\"270\" src=\"https:\/\/ingasfp.fi\/wp-content\/uploads\/2021\/12\/image.png\" alt=\"\" class=\"wp-image-322\" srcset=\"https:\/\/ingasfp.fi\/wp-content\/uploads\/2021\/12\/image.png 482w, https:\/\/ingasfp.fi\/wp-content\/uploads\/2021\/12\/image-300x168.png 300w\" sizes=\"(max-width: 482px) 100vw, 482px\" \/><\/figure>\n\n\n\n<figure class=\"wp-block-image size-large is-resized is-style-default\"><img loading=\"lazy\" src=\"https:\/\/ingasfp.fi\/wordpress\/wp-content\/uploads\/2021\/04\/FinskaSvenska10.jpg\" alt=\"\" class=\"wp-image-223\" width=\"876\" height=\"332\" srcset=\"https:\/\/ingasfp.fi\/wp-content\/uploads\/2021\/04\/FinskaSvenska10.jpg 640w, https:\/\/ingasfp.fi\/wp-content\/uploads\/2021\/04\/FinskaSvenska10-300x114.jpg 300w\" sizes=\"(max-width: 876px) 100vw, 876px\" \/><\/figure>\n\n\n\n<h2>Katsaus edelliseen valtuustokauteen<\/h2>\n\n\n\n<p><br>Valtuustokaudella 2017&#8211;2021 RKP johti sek\u00e4 kunnanvaltuustoa ett\u00e4 -hallitusta. RKP-poliitikot pyrkiv\u00e4t<br>m\u00e4\u00e4r\u00e4tietoisesti ja energisesti varmistamaan, ett\u00e4 inkoolaisten arki olisi turvallista samalla kun paikallisia<br>palveluja yll\u00e4pidet\u00e4\u00e4n ja julkista liikennett\u00e4 kehitet\u00e4\u00e4n. RKP:n poliitikot ovat ty\u00f6skennelleet kaikille<br>inkoolaisille ottaen mukaan kehitt\u00e4miseen my\u00f6s muiden puolueiden poliitikot.<br>RKP on varmistanut, ett\u00e4 seuraavat vaalilupaukset t\u00e4ytettiin;<br>Kyrkfj\u00e4rdenin koulun budjetointi ja suunnittelu<br>Kaikki koulukiinteist\u00f6t ovat hyvin hoidettuja<br>Manner- ja sis\u00e4saariston yleissuunnitelmat laadittiin<br>Inkoon Portin yritysalue rakennettiin ja tontteja myytiin<br>Inkoon sis\u00e4ist\u00e4 palveluliikennett\u00e4, koululiikennett\u00e4 ja l\u00e4hiliikennett\u00e4 kehitettiin<br>Subjektiivinen p\u00e4iv\u00e4hoito s\u00e4ilyi<br>Kirkkokyl\u00e4\u00e4 ja satamaa kehitettiin<br>Bergvallan suunnitelma tehtiin<br>Wilhelmsdal pelastettiin<\/p>\n\n\n\n<p>Lis\u00e4ksi voimme olla iloisia siit\u00e4, ett\u00e4 pitk\u00e4j\u00e4nteinen edunvalvontaty\u00f6 Lobbausty\u00f6 T\u00e4htel\u00e4ntien ja<br>Fagervikintien osalta on johtanut tuloksiin \/ kantanut hedelm\u00e4\u00e4. Voimme my\u00f6s iloita siit\u00e4, ett\u00e4 51: n<br>valaistus tulee lopulta todelliseksi sen j\u00e4lkeen, kun olemme ty\u00f6skennelleet kovasti sen puolesta.<\/p>\n\n\n\n<h2>Tue meit\u00e4<\/h2>\n\n\n\n<p>Haluaisitko tukea toimintaamme? Voit tukea meit\u00e4 antamalla taloudellista tukea tai esim. auttamalla meit\u00e4 erilaisten teht\u00e4vien ja tilaisuuksien kanssa. Jos haluat osallistua toimintaamme ja auttaa meit\u00e4, ota yhteytt\u00e4 paikallisosaston hallituksen j\u00e4seneen.<\/p>\n\n\n\n<p><strong>Kunnallisvaaliehdokkaan vaalirahoitusta s\u00e4\u00e4ntelee laki ehdokkaan vaalirahoituksesta.<\/strong><\/p>\n\n\n\n<p>Velvollinen tekem\u00e4\u00e4n ilmoituksen vaalirahoituksesta on kunnallisvaaleissa valtuutetuksi ja varavaltuutetuksi valittu. Vaalirahoitusilmoitus on teht\u00e4v\u00e4 valtiontalouden tarkastusvirastolle kahden kuukauden kuluessa vaalien tuloksen vahvistamisesta. Sellaisesta vaalirahoitustuesta (esim. vaalimainos), joka ei ylit\u00e4 800 euroa ja jonka ehdokas on saanut yksityishenkil\u00f6lt\u00e4, ehdokkaan ei tarvitse ilmoittaa antajan nime\u00e4 vaalirahoitusilmoituksessa. T\u00e4m\u00e4 ei kuitenkaan koske yrityksi\u00e4.<\/p>\n\n\n\n<h2>Tule j\u00e4seneksi<\/h2>\n\n\n\n<p><strong>Oletko kiinnostunut Inkoon tulevaisuudesta ja haluat olla mukana vaikuttamassa siihen? Liittym\u00e4ll\u00e4 Inkoon RKP:n j\u00e4seneksi varmistat t\u00e4m\u00e4n mahdollisuuden. Silloin sinulla on suora yhteys kunnan suurimpaan puolueeseen ja sen sitoutuneisiin ja kokeneisiin poliitikoihin valtuustossa, kunnanhallituksessa, lautakunnissa ja johtokunnissa. Kaikki n\u00e4m\u00e4 henkil\u00f6t toimivat kunnan ja sen asukkaiden parhaan puolesta. P\u00e4ivitt\u00e4isess\u00e4 poliittisessa ty\u00f6ss\u00e4 tarvitaan my\u00f6s uusia ideoita ja uutta ajattelua. Ehk\u00e4 sin\u00e4 voisit auttaa meit\u00e4 siin\u00e4?<\/strong><\/p>\n","protected":false},"excerpt":{"rendered":"<p>RKP Inkoossa Suomen Ruotsalaisen Kansanpuolueen Inkoon paikallisosasto perustettiin v. 1906. Sill\u00e4 on noin 240 j\u00e4sent\u00e4 ja se on n\u00e4in ollen RKP:n suurimpia paikallisosastoja l\u00e4ntisell\u00e4 Uudellamaalla. Inkoossa toimii my\u00f6s RKP:n naisj\u00e4rjest\u00f6n (Svenska Kvinnof\u00f6rbundet) paikallisosasto sek\u00e4 RKP:n nuorisoj\u00e4rjest\u00f6n (Svensk ungdom eli SU) paikallisosasto. Inkoon RKP:ll\u00e4 on hallussaan 17 paikkaa 27-paikkaisessa kunnanvaltuustossa. RKP:ll\u00e4 on 6 paikkaa kunnanhallituksessa (jossa [&hellip;]<\/p>\n","protected":false},"author":1,"featured_media":0,"parent":0,"menu_order":0,"comment_status":"closed","ping_status":"closed","template":"templates\/template-full-width.php","meta":[],"_links":{"self":[{"href":"https:\/\/ingasfp.fi\/index.php?rest_route=\/wp\/v2\/pages\/91"}],"collection":[{"href":"https:\/\/ingasfp.fi\/index.php?rest_route=\/wp\/v2\/pages"}],"about":[{"href":"https:\/\/ingasfp.fi\/index.php?rest_route=\/wp\/v2\/types\/page"}],"author":[{"embeddable":true,"href":"https:\/\/ingasfp.fi\/index.php?rest_route=\/wp\/v2\/users\/1"}],"replies":[{"embeddable":true,"href":"https:\/\/ingasfp.fi\/index.php?rest_route=%2Fwp%2Fv2%2Fcomments&post=91"}],"version-history":[{"count":5,"href":"https:\/\/ingasfp.fi\/index.php?rest_route=\/wp\/v2\/pages\/91\/revisions"}],"predecessor-version":[{"id":323,"href":"https:\/\/ingasfp.fi\/index.php?rest_route=\/wp\/v2\/pages\/91\/revisions\/323"}],"wp:attachment":[{"href":"https:\/\/ingasfp.fi\/index.php?rest_route=%2Fwp%2Fv2%2Fmedia&parent=91"}],"curies":[{"name":"wp","href":"https:\/\/api.w.org\/{rel}","templated":true}]}}