{"id":8,"date":"2021-01-05T08:00:24","date_gmt":"2021-01-05T08:00:24","guid":{"rendered":"https:\/\/ingasfp.fi\/wordpress\/?page_id=8"},"modified":"2021-12-31T13:32:48","modified_gmt":"2021-12-31T13:32:48","slug":"kontakt","status":"publish","type":"page","link":"https:\/\/ingasfp.fi\/?page_id=8","title":{"rendered":"Kontakt"},"content":{"rendered":"\n<h2>Kontaktuppgifter till styrelsen f\u00f6r SFP i Ing\u00e5<\/h2>\n\n\n\n<figure class=\"wp-block-table alignwide is-style-stripes\"><table><tbody><tr><td>Kaj Karlstedt, ordf.<\/td><td>040 869 8352<\/td><td>kaj.karlstedt@gmail.com<\/td><\/tr><tr><td>Kristian Westerholm viceordf.<\/td><td>041 462 2818<\/td><td>kristian.westerholm@gmail.com<\/td><\/tr><tr><td>Marie Bergman-Auvinen, kass\u00f6r<\/td><td>050 336 3379<\/td><td>marie.bergman-auvinen@inga.fi<\/td><\/tr><tr><td>Annette Lindholm<\/td><td>040 520 9391<\/td><td>annette.lindholm@kolumbus.fi<\/td><\/tr><tr><td>Eivor Bj\u00f6rkl\u00f6f, sekr.<\/td><td>040 579 1854<\/td><td>eivor.bjorklof@surfnet.fi<\/td><\/tr><tr><td>Anders Wickstr\u00f6m<\/td><td>040 555 3884<\/td><td>familj.wickstrom@hotmail.com<\/td><\/tr><\/tbody><\/table><\/figure>\n\n\n\n<p><strong><a href=\"https:\/\/ingasfp.fi\/?page_id=309\">D<\/a><\/strong><strong><a href=\"https:\/\/ingasfp.fi\/?page_id=309\">u<\/a><\/strong><strong><a href=\"https:\/\/ingasfp.fi\/?page_id=309\"> <\/a><\/strong><strong><a href=\"https:\/\/ingasfp.fi\/?page_id=309\">h<\/a><\/strong><strong><a href=\"https:\/\/ingasfp.fi\/?page_id=309\">i<\/a><\/strong><strong><a href=\"https:\/\/ingasfp.fi\/?page_id=309\">t<\/a><\/strong><strong><a href=\"https:\/\/ingasfp.fi\/?page_id=309\">t<\/a><\/strong><strong><a href=\"https:\/\/ingasfp.fi\/?page_id=309\">a<\/a><\/strong><strong><a href=\"https:\/\/ingasfp.fi\/?page_id=309\">r<\/a><\/strong><strong><a href=\"https:\/\/ingasfp.fi\/?page_id=309\"> <\/a><\/strong><a href=\"https:\/\/ingasfp.fi\/?page_id=309\"><strong>k<\/strong><\/a><strong><a href=\"https:\/\/ingasfp.fi\/?page_id=309\">ontaktuppgifter till v\u00e5ra f\u00f6rtroendevalda 2021-2026 h\u00e4r.<\/a><\/strong><\/p>\n\n\n\n<p>Vi tar g\u00e4rna emot underst\u00f6d f\u00f6r v\u00e5r verksamhet. Du kan underst\u00f6da oss genom att ge ett ekonomiskt bidrag eller genom att t.ex. st\u00e4lla upp och hj\u00e4lpa till vid olika evenemang. Kontakta n\u00e5gon i styrelsen om du k\u00e4nner dig hugad.<\/p>\n\n\n\n<p>F\u00f6r ekonomiskt bidrag till kommunalvalskampanjen g\u00e4ller s\u00e4rskilda regler, bl.a. f\u00f6ljande:<\/p>\n\n\n\n<p>Alla invalda samt de som utses till ers\u00e4ttare ska redovisa f\u00f6r sin kampanjekonomi. Redovisningen sker till Statens revisionsverk inom tv\u00e5 m\u00e5nader efter det att valresultatet fastst\u00e4llts. F\u00f6r underst\u00f6d som understiger 800 euro och som ges till en enskild kandidat av en privatperson beh\u00f6ver kandidaten emellertid inte uppge givarens namn i redovisningen. Detta g\u00e4ller dock inte f\u00f6retag.<\/p>\n\n\n\n<p>F\u00f6r mer detaljerad information om Kampanjfinansiering och lagstiftningen g\u00e4llande kandidaterna i kommunalval, se regler f\u00f6r valfinansiering.<\/p>\n","protected":false},"excerpt":{"rendered":"<p>Kontaktuppgifter till styrelsen f\u00f6r SFP i Ing\u00e5 Kaj Karlstedt, ordf. 040 869 8352 kaj.karlstedt@gmail.com Kristian Westerholm viceordf. 041 462 2818 kristian.westerholm@gmail.com Marie Bergman-Auvinen, kass\u00f6r 050 336 3379 marie.bergman-auvinen@inga.fi Annette Lindholm 040 520 9391 annette.lindholm@kolumbus.fi Eivor Bj\u00f6rkl\u00f6f, sekr. 040 579 1854 eivor.bjorklof@surfnet.fi Anders Wickstr\u00f6m 040 555 3884 familj.wickstrom@hotmail.com Du hittar kontaktuppgifter till v\u00e5ra f\u00f6rtroendevalda 2021-2026 h\u00e4r. [&hellip;]<\/p>\n","protected":false},"author":1,"featured_media":0,"parent":0,"menu_order":0,"comment_status":"closed","ping_status":"closed","template":"templates\/template-full-width.php","meta":[],"_links":{"self":[{"href":"https:\/\/ingasfp.fi\/index.php?rest_route=\/wp\/v2\/pages\/8"}],"collection":[{"href":"https:\/\/ingasfp.fi\/index.php?rest_route=\/wp\/v2\/pages"}],"about":[{"href":"https:\/\/ingasfp.fi\/index.php?rest_route=\/wp\/v2\/types\/page"}],"author":[{"embeddable":true,"href":"https:\/\/ingasfp.fi\/index.php?rest_route=\/wp\/v2\/users\/1"}],"replies":[{"embeddable":true,"href":"https:\/\/ingasfp.fi\/index.php?rest_route=%2Fwp%2Fv2%2Fcomments&post=8"}],"version-history":[{"count":12,"href":"https:\/\/ingasfp.fi\/index.php?rest_route=\/wp\/v2\/pages\/8\/revisions"}],"predecessor-version":[{"id":320,"href":"https:\/\/ingasfp.fi\/index.php?rest_route=\/wp\/v2\/pages\/8\/revisions\/320"}],"wp:attachment":[{"href":"https:\/\/ingasfp.fi\/index.php?rest_route=%2Fwp%2Fv2%2Fmedia&parent=8"}],"curies":[{"name":"wp","href":"https:\/\/api.w.org\/{rel}","templated":true}]}}