{"id":7,"date":"2021-01-05T08:00:24","date_gmt":"2021-01-05T08:00:24","guid":{"rendered":"https:\/\/ingasfp.fi\/wordpress\/?page_id=7"},"modified":"2021-12-31T13:31:35","modified_gmt":"2021-12-31T13:31:35","slug":"om","status":"publish","type":"page","link":"https:\/\/ingasfp.fi\/?page_id=7","title":{"rendered":"Om"},"content":{"rendered":"\n<h2>Svenska folkpartiet i Ing\u00e5<\/h2>\n\n\n\n<p>Svenska folkpartiets lokalavdelning i Ing\u00e5, som grundades 1906, \u00e4r med sina ca 240 medlemmar en av de st\u00f6rsta lokalavdelningarna i V\u00e4stnyland. Som ordf\u00f6rande f\u00f6r SFP i Ing\u00e5 fungerar <strong>Kaj Karlstedt<\/strong>. I Ing\u00e5 finns \u00e4ven en aktiv lokalavdelning f\u00f6r Svenska Kvinnof\u00f6rbundet och Svensk Ungdom. H\u00e4r hittar du  <a href=\"https:\/\/ingasfp.fi\/?page_id=8\" data-type=\"page\" data-id=\"8\">kontaktuppgifter f\u00f6r lokalavdelningens styrelse <\/a>och<a href=\"https:\/\/ingasfp.fi\/?page_id=309\" data-type=\"page\" data-id=\"309\"> v\u00e5ra f\u00f6rtroendevalda h\u00e4r<\/a>.<\/p>\n\n\n\n<p><\/p>\n\n\n\n<p>SFP i Ing\u00e5 har efter valet 2021\u00a017 ledam\u00f6ter i kommunfullm\u00e4ktige av totalt 27. SFP har 6 ledam\u00f6ter i kommunstyrelsen av totalt 9, och d\u00e4rtill ledam\u00f6ter i alla kommunala n\u00e4mnder. SFP innehar\u00a0ordf\u00f6randeplatsen i s\u00e5v\u00e4l fullm\u00e4ktige som kommunstyrelse. <strong>Robert Lemstr\u00f6m<\/strong> fungerar som fullm\u00e4ktigeordf\u00f6rande och <strong>Henrik Wickstr\u00f6m<\/strong> som kommunstyrelseordf\u00f6rande. Samtliga n\u00e4mnder leds ocks\u00e5 av SFP.<\/p>\n\n\n\n<h3>Bidrag och st\u00f6d<\/h3>\n\n\n\n<p>Vi tar g\u00e4rna emot underst\u00f6d f\u00f6r v\u00e5r verksamhet. Du kan underst\u00f6da oss genom att ge ett ekonomiskt bidrag eller genom att t.ex. st\u00e4lla upp och hj\u00e4lpa till vid olika evenemang. Kontakta n\u00e5gon i styrelsen om du k\u00e4nner dig hugad.<\/p>\n\n\n\n<p>F\u00f6r ekonomiskt bidrag till kommunalvalskampanjen g\u00e4ller s\u00e4rskilda regler, bl.a. f\u00f6ljande:<\/p>\n\n\n\n<p>Alla invalda fullm\u00e4ktigeledam\u00f6ter samt de som utses till ers\u00e4ttare ska redovisa f\u00f6r sin kampanjekonomi. Redovisningen sker till Statens revisionsverk inom tv\u00e5 m\u00e5nader efter det att valresultatet fastst\u00e4llts. F\u00f6r underst\u00f6d som understiger 800 euro och som ges till en enskild kandidat av en privatperson beh\u00f6ver kandidaten emellertid inte uppge givarens namn i redovisningen. Detta g\u00e4ller dock inte f\u00f6retag.<\/p>\n\n\n\n<p>F\u00f6r mer detaljerad information om Kampanjfinansiering och lagstiftningen g\u00e4llande kandidaterna i kommunalval, se regler f\u00f6r valfinansiering.<\/p>\n\n\n\n<p>SFP i Ing\u00e5 finns ocks\u00e5 p\u00e5 <a href=\"https:\/\/www.facebook.com\/SFPInga\">Facebook<\/a> och <a href=\"https:\/\/www.instagram.com\/sfprkp_inga\/\">Instagram<\/a>.<\/p>\n","protected":false},"excerpt":{"rendered":"<p>Svenska folkpartiet i Ing\u00e5 Svenska folkpartiets lokalavdelning i Ing\u00e5, som grundades 1906, \u00e4r med sina ca 240 medlemmar en av de st\u00f6rsta lokalavdelningarna i V\u00e4stnyland. Som ordf\u00f6rande f\u00f6r SFP i Ing\u00e5 fungerar Kaj Karlstedt. I Ing\u00e5 finns \u00e4ven en aktiv lokalavdelning f\u00f6r Svenska Kvinnof\u00f6rbundet och Svensk Ungdom. H\u00e4r hittar du kontaktuppgifter f\u00f6r lokalavdelningens styrelse och [&hellip;]<\/p>\n","protected":false},"author":1,"featured_media":0,"parent":0,"menu_order":0,"comment_status":"closed","ping_status":"closed","template":"templates\/template-full-width.php","meta":[],"_links":{"self":[{"href":"https:\/\/ingasfp.fi\/index.php?rest_route=\/wp\/v2\/pages\/7"}],"collection":[{"href":"https:\/\/ingasfp.fi\/index.php?rest_route=\/wp\/v2\/pages"}],"about":[{"href":"https:\/\/ingasfp.fi\/index.php?rest_route=\/wp\/v2\/types\/page"}],"author":[{"embeddable":true,"href":"https:\/\/ingasfp.fi\/index.php?rest_route=\/wp\/v2\/users\/1"}],"replies":[{"embeddable":true,"href":"https:\/\/ingasfp.fi\/index.php?rest_route=%2Fwp%2Fv2%2Fcomments&post=7"}],"version-history":[{"count":9,"href":"https:\/\/ingasfp.fi\/index.php?rest_route=\/wp\/v2\/pages\/7\/revisions"}],"predecessor-version":[{"id":319,"href":"https:\/\/ingasfp.fi\/index.php?rest_route=\/wp\/v2\/pages\/7\/revisions\/319"}],"wp:attachment":[{"href":"https:\/\/ingasfp.fi\/index.php?rest_route=%2Fwp%2Fv2%2Fmedia&parent=7"}],"curies":[{"name":"wp","href":"https:\/\/api.w.org\/{rel}","templated":true}]}}