{"id":6,"date":"2021-01-05T08:00:24","date_gmt":"2021-01-05T08:00:24","guid":{"rendered":"https:\/\/ingasfp.fi\/wordpress\/?page_id=6"},"modified":"2021-02-11T14:17:14","modified_gmt":"2021-02-11T14:17:14","slug":"the-new-umoma-opens-its-doors-2","status":"publish","type":"page","link":"https:\/\/ingasfp.fi\/","title":{"rendered":"Svenska folkpartiet i Ing\u00e5"},"content":{"rendered":"\n<div class=\"wp-block-columns\">\n<div class=\"wp-block-column\" style=\"flex-basis:100%\">\n<div class=\"wp-block-group alignwide\"><div class=\"wp-block-group__inner-container\">\n<div class=\"wp-block-columns\">\n<div class=\"wp-block-column\" style=\"flex-basis:100%\">\n<div class=\"wp-block-group alignwide has-primary-color has-text-color\"><div class=\"wp-block-group__inner-container\">\n<h2>Aktuellt<\/h2>\n\n\n\n<div class=\"wp-block-group has-primary-color has-text-color\"><div class=\"wp-block-group__inner-container\">\n<div class=\"wp-block-group alignfull\"><div class=\"wp-block-group__inner-container\"><ul class=\"wp-block-latest-posts__list has-dates alignfull wp-block-latest-posts\"><li><a href=\"https:\/\/ingasfp.fi\/?p=377\">Valbroschyr 2025<\/a><time datetime=\"2025-04-09T15:44:32+00:00\" class=\"wp-block-latest-posts__post-date\">april 9, 2025<\/time><div class=\"wp-block-latest-posts__post-excerpt\">Tillbakablick p\u00e5 den senaste fullm\u00e4ktigeperiodenSFP har framg\u00e5ngsrikt lett b\u00e5de fullm\u00e4ktige och styrelse sedan 2017. Vi har m\u00e5lmedvetet arbetat f\u00f6r ett Ing\u00e5 d\u00e4r alla k\u00e4nner sig trygga och m\u00e5r bra. F\u00f6rebyggande [&hellip;]<\/div><\/li>\n<li><a href=\"https:\/\/ingasfp.fi\/?p=365\">\u00c5rsm\u00f6te 2025<\/a><time datetime=\"2025-04-09T15:18:54+00:00\" class=\"wp-block-latest-posts__post-date\">april 9, 2025<\/time><div class=\"wp-block-latest-posts__post-excerpt\">SFP i Ing\u00e5 h\u00f6ll sitt \u00e5rsm\u00f6te 26 mars 2025.F\u00f6re \u00e5rsm\u00f6tesf\u00f6rhandlingarna h\u00e4lsade lokalavdelningens ordf\u00f6rande Kaj Karlstedt v\u00e4lkommen och informerade om f\u00f6rberedelserna f\u00f6r det kommande kommunalvalet och v\u00e4lf\u00e4rdsomr\u00e5desvalet 13.4.2025.Styrelsens f\u00f6rslag till verksamhetsber\u00e4ttelse [&hellip;]<\/div><\/li>\n<li><a href=\"https:\/\/ingasfp.fi\/?p=361\">Kommunalvalskandidater<\/a><time datetime=\"2025-03-18T13:49:56+00:00\" class=\"wp-block-latest-posts__post-date\">mars 18, 2025<\/time><div class=\"wp-block-latest-posts__post-excerpt\">Svenska folkpartiet i Finland r.p., Suomen ruotsalainen kansanpuolue r.p. 39 As\u00e9n, Peter ekon.mag. &#8211; KTM40 Backman, Tom dipl.ekon., pension\u00e4r41 Bergman-Auvinen, Marie specialsjuksk\u00f6tare, f\u00f6retagare42 Elfving, Andreas ministermedarbetare &#8211; ministerin erityisavustaja43 Fokin, [&hellip;]<\/div><\/li>\n<li><a href=\"https:\/\/ingasfp.fi\/?p=350\">Kuntavaalit 2025<\/a><time datetime=\"2024-12-06T12:39:40+00:00\" class=\"wp-block-latest-posts__post-date\">december 6, 2024<\/time><div class=\"wp-block-latest-posts__post-excerpt\">Kuntavaalit 2025 Vaalip\u00e4iv\u00e4: sunnuntai 13.4.2025Aluevaalit ja kuntavaalit j\u00e4rjestet\u00e4\u00e4n samanaikaisesti sunnuntaina 13.4.2025. \u00c4\u00e4nest\u00e4m\u00e4ll\u00e4 vaikutat siihen, ketk\u00e4 p\u00e4\u00e4tt\u00e4v\u00e4t t\u00e4rkeist\u00e4, jokaisen arkea koskevista asioista seuraavat nelj\u00e4 vuotta.Vaalip\u00e4iv\u00e4 sunnuntai 13.4.2025Ennakko\u00e4\u00e4nestys Suomessa 2.\u20138.4.2025Ennakko\u00e4\u00e4nestys ulkomailla 2.\u20135.4.2025 [&hellip;]<\/div><\/li>\n<\/ul><\/div><\/div>\n<\/div><\/div>\n<\/div><\/div>\n<\/div>\n<\/div>\n<\/div><\/div>\n<\/div>\n<\/div>\n\n\n\n<p><strong>Bakgrund<\/strong><\/p>\n\n\n\n<p><strong>Svenska folkpartiets lokalavdelning i Ing\u00e5, som grundades 1906, \u00e4r med sina ca 250 medlemmar en av de st\u00f6rsta lokalavdelningarna i V\u00e4stnyland. I Ing\u00e5 finns \u00e4ven en aktiv lokalavdelning f\u00f6r Svenska Kvinnof\u00f6rbundet och Svensk Ungdom.<\/strong><\/p>\n\n\n\n<p>SFP i Ing\u00e5 har 15 ledam\u00f6ter i kommunfullm\u00e4ktige av totalt 27. SFP har 5 ledam\u00f6ter i kommunstyrelsen av totalt 9, och d\u00e4rtill ledam\u00f6ter i alla kommunala n\u00e4mnder. SFP innehar i dag&nbsp;ordf\u00f6randeplatsen b\u00e5de i fullm\u00e4ktige och&nbsp;i kommunstyrelsen.<\/p>\n","protected":false},"excerpt":{"rendered":"<p>Bakgrund Svenska folkpartiets lokalavdelning i Ing\u00e5, som grundades 1906, \u00e4r med sina ca 250 medlemmar en av de st\u00f6rsta lokalavdelningarna i V\u00e4stnyland. I Ing\u00e5 finns \u00e4ven en aktiv lokalavdelning f\u00f6r Svenska Kvinnof\u00f6rbundet och Svensk Ungdom. SFP i Ing\u00e5 har 15 ledam\u00f6ter i kommunfullm\u00e4ktige av totalt 27. SFP har 5 ledam\u00f6ter i kommunstyrelsen av totalt 9, [&hellip;]<\/p>\n","protected":false},"author":1,"featured_media":0,"parent":0,"menu_order":0,"comment_status":"closed","ping_status":"closed","template":"templates\/template-full-width.php","meta":[],"_links":{"self":[{"href":"https:\/\/ingasfp.fi\/index.php?rest_route=\/wp\/v2\/pages\/6"}],"collection":[{"href":"https:\/\/ingasfp.fi\/index.php?rest_route=\/wp\/v2\/pages"}],"about":[{"href":"https:\/\/ingasfp.fi\/index.php?rest_route=\/wp\/v2\/types\/page"}],"author":[{"embeddable":true,"href":"https:\/\/ingasfp.fi\/index.php?rest_route=\/wp\/v2\/users\/1"}],"replies":[{"embeddable":true,"href":"https:\/\/ingasfp.fi\/index.php?rest_route=%2Fwp%2Fv2%2Fcomments&post=6"}],"version-history":[{"count":26,"href":"https:\/\/ingasfp.fi\/index.php?rest_route=\/wp\/v2\/pages\/6\/revisions"}],"predecessor-version":[{"id":154,"href":"https:\/\/ingasfp.fi\/index.php?rest_route=\/wp\/v2\/pages\/6\/revisions\/154"}],"wp:attachment":[{"href":"https:\/\/ingasfp.fi\/index.php?rest_route=%2Fwp%2Fv2%2Fmedia&parent=6"}],"curies":[{"name":"wp","href":"https:\/\/api.w.org\/{rel}","templated":true}]}}