{"id":309,"date":"2021-12-31T13:06:39","date_gmt":"2021-12-31T13:06:39","guid":{"rendered":"https:\/\/ingasfp.fi\/?page_id=309"},"modified":"2021-12-31T13:06:39","modified_gmt":"2021-12-31T13:06:39","slug":"kontaktuppgifter-till-vara-fortroendevalda-2021-2025","status":"publish","type":"page","link":"https:\/\/ingasfp.fi\/?page_id=309","title":{"rendered":"Kontaktuppgifter till v\u00e5ra f\u00f6rtroendevalda 2021-2025"},"content":{"rendered":"\n<p><strong>SFP:s ordinarie ledam\u00f6ter i Ing\u00e5 kommunfullm\u00e4ktige under perioden 2021-2025<\/strong>:<\/p>\n\n\n\n<ul class=\"has-small-font-size\"><li>Marie Bergman-Auvinen 050 336 3379 mariebergmanauvinen@gmail.com<\/li><li>Eivor Bj\u00f6rkl\u00f6f 040\u00a0579 1854 eivor.bjorklof@surfnet.fi<\/li><li>Andreas Elfving 0400 480\u00a0411 andreas.elfving@gmail.com<\/li><li>Patricia Gr\u00f6nholm 040 182 1703 patricia.gronholm@hotmail.se<\/li><li>Glenn Hagman 050 324 1633 glenn.hagman@elisanet.fi<\/li><li>Annika Holmstr\u00f6m 040 964 3922 annikasjoblom@hotmail.com<\/li><li>Kaj Karlstedt 040 869 8352 kaj.karlstedt@gmail.com<\/li><li>Robert Lemstr\u00f6m 044 030 2044 robert.lemstrom@inga.fi<\/li><li>Annette Lindholm 040 520 9391 annette.lindholm@kolumbus.fi<\/li><li>Mikael Rehnberg 0400 473\u00a0928 micke.rehnberg@pp.inet.fi<\/li><li>Ingrid Tr\u00e4skman 0400 998 682 ingrid.traskman@gmail.com<\/li><li>Patricia Wessman 040 593 6132 patriciawessman@gmail.com<\/li><li>Kristian Westerholm 041 462 2818 kristian.westerholm@gmail.com<\/li><li>Henrik Wickstr\u00f6m 044 555 3885 henrik.wickstrom@sfp.fi<\/li><li>Annika Wide 040 523 5567 annika.wide@inga.fi<\/li><li>Karl \u00c5berg 0400 489\u00a0907 aberg.karl@gmail.com<\/li><li>Jojje \u00d6berg 044 208 9110 jojje.oberg@icloud.com <\/li><\/ul>\n\n\n\n<p><\/p>\n\n\n\n<p><strong>Ing\u00e5 kommunfullm\u00e4ktige 2021\u20132025<\/strong><\/p>\n\n\n\n<ul><li>Robert Lemstr\u00f6m, ordf\u00f6rande<\/li><li>Karl \u00c5berg, 1:a viceordf\u00f6rande<\/li><li>Marie Bergman-Auvinen, gruppordf\u00f6rande<\/li><\/ul>\n\n\n\n<p><strong>Ing\u00e5 kommunstyrelse<\/strong><\/p>\n\n\n\n<ul><li>Henrik Wickstr\u00f6m, ordf\u00f6rande<\/li><li>Annika Wide, 2:a viceordf\u00f6rande<\/li><li>Marie Bergman-Auvinen, ledamot<\/li><li>Andreas Elfving, ledamot<\/li><li>Ingrid Tr\u00e4skman, ledamot<\/li><li>Patricia Wessman, ledamot<\/li><\/ul>\n\n\n\n<p><strong>Revisionsn\u00e4mnden<\/strong><\/p>\n\n\n\n<ul><li>Eivor Bj\u00f6rkl\u00f6f, ordf\u00f6rande<\/li><li>Tom Backman, ledamot<\/li><li>Margita Nylander, ledamot<\/li><\/ul>\n\n\n\n<p><strong>Bildnings- och v\u00e4lf\u00e4rdsn\u00e4mnden<\/strong><\/p>\n\n\n\n<ul><li>Annika Wide, ordf\u00f6rande<\/li><li>Annika Holmstr\u00f6m, ledamot<\/li><li>Annette Lindholm, ledamot<\/li><li>Patricia Wessman, ledamot<\/li><li>Jojje \u00d6berg, ledamot<\/li><\/ul>\n\n\n\n<p><strong>Bildnings- och v\u00e4lf\u00e4rdsn\u00e4mnden; svenska sektionen<\/strong><\/p>\n\n\n\n<ul><li>Annette Lindholm, ordf\u00f6rande<\/li><li>Annika Holmstr\u00f6m, viceordf\u00f6rande<\/li><li>Peter Silverbrand, ledamot<\/li><\/ul>\n\n\n\n<p><strong>Bildnings- och v\u00e4lf\u00e4rdsn\u00e4mnden; finska sektionen<\/strong><\/p>\n\n\n\n<ul><li>Matti Eklund, ledamot<\/li><\/ul>\n\n\n\n<p><strong>Tekniska n\u00e4mnden<\/strong><\/p>\n\n\n\n<ul><li>Kaj Karlstedt, ordf\u00f6rande<\/li><li>Marie Bergman-Auvinen, ledamot<\/li><li>Patricia Gr\u00f6nholm, ledamot<\/li><li>Glenn Hagman, ledamot<\/li><li>Lena Sel\u00e9n, ledamot<\/li><\/ul>\n\n\n\n<p><strong>Bygg- och milj\u00f6n\u00e4mnden<\/strong><\/p>\n\n\n\n<ul><li>Karl \u00c5berg, ordf\u00f6rande<\/li><li>Kristian Westerholm, viceordf\u00f6rande<\/li><li>Irene Kvarnstr\u00f6m, ledamot<\/li><li>Mikael Rehnberg, ledamot<\/li><li>Ingrid Tr\u00e4skman, ledamot<\/li><\/ul>\n\n\n\n<p><strong>Grundtrygghetsn\u00e4mnden<\/strong><\/p>\n\n\n\n<ul><li>Marie Bergman-Auvinen, ordf\u00f6rande<\/li><li>Kaj Karlstedt, viceordf\u00f6rande<\/li><li>Tom Backman, ledamot<\/li><li>Patricia Gr\u00f6nholm, ledamot<\/li><li>Johanna Hild\u00e9n, medlem<\/li><\/ul>\n\n\n\n<p><strong>Grundtrygghetsn\u00e4mndens individsektion<\/strong><\/p>\n\n\n\n<ul><li>Marie Bergman-Auvinen, ordf\u00f6rande<\/li><li>Kaj Karlstedt, viceordf\u00f6rande<\/li><\/ul>\n\n\n\n<p><\/p>\n","protected":false},"excerpt":{"rendered":"<p>SFP:s ordinarie ledam\u00f6ter i Ing\u00e5 kommunfullm\u00e4ktige under perioden 2021-2025: Marie Bergman-Auvinen 050 336 3379 mariebergmanauvinen@gmail.com Eivor Bj\u00f6rkl\u00f6f 040\u00a0579 1854 eivor.bjorklof@surfnet.fi Andreas Elfving 0400 480\u00a0411 andreas.elfving@gmail.com Patricia Gr\u00f6nholm 040 182 1703 patricia.gronholm@hotmail.se Glenn Hagman 050 324 1633 glenn.hagman@elisanet.fi Annika Holmstr\u00f6m 040 964 3922 annikasjoblom@hotmail.com Kaj Karlstedt 040 869 8352 kaj.karlstedt@gmail.com Robert Lemstr\u00f6m 044 030 2044 robert.lemstrom@inga.fi [&hellip;]<\/p>\n","protected":false},"author":7,"featured_media":0,"parent":0,"menu_order":0,"comment_status":"closed","ping_status":"closed","template":"","meta":[],"_links":{"self":[{"href":"https:\/\/ingasfp.fi\/index.php?rest_route=\/wp\/v2\/pages\/309"}],"collection":[{"href":"https:\/\/ingasfp.fi\/index.php?rest_route=\/wp\/v2\/pages"}],"about":[{"href":"https:\/\/ingasfp.fi\/index.php?rest_route=\/wp\/v2\/types\/page"}],"author":[{"embeddable":true,"href":"https:\/\/ingasfp.fi\/index.php?rest_route=\/wp\/v2\/users\/7"}],"replies":[{"embeddable":true,"href":"https:\/\/ingasfp.fi\/index.php?rest_route=%2Fwp%2Fv2%2Fcomments&post=309"}],"version-history":[{"count":1,"href":"https:\/\/ingasfp.fi\/index.php?rest_route=\/wp\/v2\/pages\/309\/revisions"}],"predecessor-version":[{"id":310,"href":"https:\/\/ingasfp.fi\/index.php?rest_route=\/wp\/v2\/pages\/309\/revisions\/310"}],"wp:attachment":[{"href":"https:\/\/ingasfp.fi\/index.php?rest_route=%2Fwp%2Fv2%2Fmedia&parent=309"}],"curies":[{"name":"wp","href":"https:\/\/api.w.org\/{rel}","templated":true}]}}